{"id":532,"date":"2024-03-30T09:19:33","date_gmt":"2024-03-30T09:19:33","guid":{"rendered":"https:\/\/ihgtasarim.com\/?page_id=532"},"modified":"2024-08-05T08:07:54","modified_gmt":"2024-08-05T08:07:54","slug":"anasayfa","status":"publish","type":"page","link":"https:\/\/ihgtasarim.com\/","title":{"rendered":"Anasayfa"},"content":{"rendered":"\n\n\n\u0130HG DOOR\n<p class=\"MsoNormal\" align=\"center\" style=\"text-align: center; line-height: 18pt; background-image: initial; background-position: initial; background-size: initial; background-repeat: initial; background-attachment: initial; background-origin: initial; background-clip: initial;\"><font color=\"#ffffff\" face=\"Arial, sans-serif\"><span style=\"font-size: 16.5pt;\">Tasar\u0131m esnekli\u011fi ve \u00fcr\u00fcn geni\u015fli\u011fi ile hayallerinizi ger\u00e7ekle\u015ftirmenin\nyolunu ke\u015ffedin.&nbsp;<br><\/span><\/font><br><font color=\"#ffffff\" face=\"Arial, sans-serif\"><span style=\"font-size: 22px;\">\u015eANLIURFA&#8217;DA D\u00dcNYA STANDARTLARINDA KAPI \u00dcRET\u0130YORUZ.<\/span><\/font><br><br><font color=\"#324a6d\" face=\"Arial, sans-serif\"><span style=\"font-size: 16.5pt;\"><o:p><\/o:p><\/span><\/font><\/p>\n\n\n\n\n\n\n<p>KAPI \u00c7E\u015e\u0130TLER\u0130M\u0130Z<\/p>\n\n\n\n<p class=\"MsoNormal\"><span style=\"font-size:14.0pt;line-height:107%;color:black;\nmso-themecolor:text1\"><span style=\"color:#ffffff;\">Yarat\u0131c\u0131l\u0131\u011f\u0131n\u0131z\u0131n kilidini a\u00e7\u0131n ve hayallerinizin\nkap\u0131s\u0131n\u0131 tasarlay\u0131n. <br>Uzman ekibimizle hayata ge\u00e7irelim.&nbsp;<\/span><o:p><\/o:p><\/span><\/p>\n\n\n<p style=\"text-align: center;\"><font color=\"#ffffff\"><span style=\"font-size: 18.6667px;\">Beklentileri a\u015fmak ve hayranl\u0131k uyand\u0131rmak i\u00e7in ustal\u0131kla haz\u0131rlanm\u0131\u015f g\u00fczel kap\u0131lar\u0131m\u0131z i\u015flev ve tasar\u0131m\u0131n kesi\u015fti\u011fi noktada, hem g\u00fcvenlik hem de stil sunuyor.<\/span><\/font><br style=\"color: rgb(255, 255, 255); font-size: 18.6667px;\"><\/p>\n\n\n<p style=\"text-align: center;\"><font color=\"#ffffff\"><span style=\"font-size: 18.6667px;\">Kap\u0131n\u0131z evinize a\u00e7\u0131lan arac\u0131lard\u0131r. Benzersiz tarz\u0131n\u0131z\u0131 ve ki\u015fili\u011finizi yans\u0131tan m\u00fckemmel giri\u015fi tasarlaman\u0131za yard\u0131mc\u0131 olal\u0131m.<\/span><\/font><br><\/p>\n\n\n\n\n\n\n\n<p><div class=\"elementor-element elementor-element-ab03a82 sc_fly_static elementor-widget elementor-widget-spacer trx_addons_parallax_layers_inited trx_addons_parallax_blocks_inited\" data-id=\"ab03a82\" data-element_type=\"widget\" data-widget_type=\"spacer.default\" style=\"box-sizing: border-box; font-family: &quot;DM Sans&quot;, sans-serif; font-size: 17px; line-height: inherit; font-weight: 400; font-style: normal; outline: 0px; overflow-wrap: break-word; --flex-direction: initial; --flex-wrap: initial; --justify-content: initial; --align-items: initial; --align-content: initial; --gap: initial; --flex-basis: initial; --flex-grow: initial; --flex-shrink: initial; --order: initial; --align-self: initial; flex-basis: var(--flex-basis); flex-grow: var(--flex-grow); flex-shrink: var(--flex-shrink); order: var(--order); align-self: var(--align-self); flex-direction: var(--flex-direction); flex-wrap: var(--flex-wrap); justify-content: var(--justify-content); align-items: var(--align-items); align-content: var(--align-content); gap: var(--gap); position: relative; --swiper-theme-color: #000; --swiper-navigation-size: 44px; --swiper-pagination-bullet-size: 6px; --swiper-pagination-bullet-horizontal-gap: 6px; --widgets-spacing: 0px 0px; width: 630px; margin-block-end: 0px; margin-bottom: 0px; --spacer-size: 20px; color: rgb(129, 120, 112); font-variant-ligatures: normal; font-variant-caps: normal; letter-spacing: normal; orphans: 2; text-align: start; text-indent: 0px; text-transform: none; widows: 2; word-spacing: 0px; -webkit-text-stroke-width: 0px; white-space: normal; background-color: rgb(255, 255, 255); text-decoration-thickness: initial; text-decoration-style: initial; text-decoration-color: initial;\"><div class=\"elementor-widget-container\" style=\"box-sizing: border-box; font-family: inherit; font-size: 17px; line-height: inherit; font-weight: inherit; font-style: inherit; outline: 0px; overflow-wrap: break-word; transition: background .3s,border .3s,border-radius .3s,box-shadow .3s,transform var(--e-transform-transition-duration,.4s);\"><div class=\"elementor-spacer\" style=\"box-sizing: border-box; font-family: inherit; font-size: 17px; line-height: inherit; font-weight: inherit; font-style: inherit; outline: 0px; overflow-wrap: break-word;\"><\/div><\/div><\/div><\/p><div class=\"elementor-element elementor-element-2429f9d sc_fly_static elementor-widget elementor-widget-trx_sc_title trx_addons_parallax_layers_inited trx_addons_parallax_blocks_inited\" data-id=\"2429f9d\" data-element_type=\"widget\" data-widget_type=\"trx_sc_title.default\" style=\"box-sizing: border-box; font-family: &quot;DM Sans&quot;, sans-serif; font-size: 17px; line-height: inherit; font-weight: 400; font-style: normal; outline: 0px; overflow-wrap: break-word; --flex-direction: initial; --flex-wrap: initial; --justify-content: initial; --align-items: initial; --align-content: initial; --gap: initial; --flex-basis: initial; --flex-grow: initial; --flex-shrink: initial; --order: initial; --align-self: initial; flex-basis: var(--flex-basis); flex-grow: var(--flex-grow); flex-shrink: var(--flex-shrink); order: var(--order); align-self: var(--align-self); flex-direction: var(--flex-direction); flex-wrap: var(--flex-wrap); justify-content: var(--justify-content); align-items: var(--align-items); align-content: var(--align-content); gap: var(--gap); position: relative; --swiper-theme-color: #000; --swiper-navigation-size: 44px; --swiper-pagination-bullet-size: 6px; --swiper-pagination-bullet-horizontal-gap: 6px; --widgets-spacing: 0px 0px; width: 630px; margin-block-end: 0px; margin-bottom: 0px; color: rgb(129, 120, 112); font-variant-ligatures: normal; font-variant-caps: normal; letter-spacing: normal; orphans: 2; text-align: start; text-indent: 0px; text-transform: none; widows: 2; word-spacing: 0px; -webkit-text-stroke-width: 0px; white-space: normal; background-color: rgb(255, 255, 255); text-decoration-thickness: initial; text-decoration-style: initial; text-decoration-color: initial;\"><div class=\"elementor-widget-container\" style=\"box-sizing: border-box; font-family: inherit; font-size: 17px; line-height: inherit; font-weight: inherit; font-style: inherit; outline: 0px; overflow-wrap: break-word; transition: background .3s,border .3s,border-radius .3s,box-shadow .3s,transform var(--e-transform-transition-duration,.4s); padding: 0px 63px 0px 0px;\"><div class=\"sc_title sc_title_default\" style=\"box-sizing: border-box; font-family: inherit; font-size: 17px; line-height: inherit; font-weight: inherit; font-style: inherit; outline: 0px; overflow-wrap: break-word; position: relative;\"><h1 class=\"sc_item_title sc_title_title sc_item_title_style_default sc_item_title_tag\" style=\"box-sizing: border-box; font-family: &quot;DM Sans&quot;, sans-serif; font-size: 3.353em; line-height: 1em; font-weight: 700; font-style: normal; outline: 0px; overflow-wrap: break-word; color: var(--theme-color-text_dark); text-decoration: none; text-transform: none; letter-spacing: -1.8px; margin: 0px;\"><span class=\"sc_item_title_text\" style=\"box-sizing: border-box; font-family: inherit; font-size: 57.001px; line-height: inherit; font-weight: inherit; font-style: inherit; outline: 0px; overflow-wrap: break-word; -webkit-text-stroke-width: 0px;\">TasarlayALIM, \u00c7izEL\u0130M, \u00dcretelim<\/span><\/h1><\/div><\/div><\/div>\n\n\n\n\n\n\n\n\n\n\n\n\n\n\n\n\n\n\n\n\n\n\n\n\n\n\n<p style=\"text-align: right; \"><span style=\"font-size: 20px; color: rgb(255, 255, 255);\"><strong style=\"line-height: 1;\">LOREM CORPORATE CEO<\/strong><\/span><\/p><p style=\"text-align: center;\"><span style=\"color: rgb(255, 255, 255);\">Duis aute irure dolor in reprehenderit in voluptate velit esse cillum dolore eu fugiat nulla pariatur. Excepteur sint occaecat cupidatat non proident, sunt in culpa qui officia deserunt mollit anim id est laborum.<\/span><\/p><p style=\"text-align: left;\"><sign>\u00a0 \u00a0 \u00a0 <span style=\"line-height: 2.0;\">Benn Marshall<\/span><\/sign><\/p>\n\n\n<p class=\"MsoNormal\" align=\"center\" style=\"margin-bottom: 0.0001pt; text-align: center; line-height: normal; background-image: initial; background-position: initial; background-size: initial; background-repeat: initial; background-attachment: initial; background-origin: initial; background-clip: initial;\"><span style=\"font-size:\n11.5pt;font-family:&quot;Segoe UI&quot;,sans-serif;mso-fareast-font-family:&quot;Times New Roman&quot;;\ncolor:black;mso-themecolor:text1;mso-fareast-language:TR\"><o:p>&nbsp;<\/o:p><\/span><\/p><p class=\"MsoNormal\"><span style=\"color:black;mso-themecolor:text1\">Kap\u0131n\u0131z\nevinize a\u00e7\u0131lan arac\u0131lard\u0131r. Benzersiz tarz\u0131n\u0131z\u0131 ve ki\u015fili\u011finizi yans\u0131tan\nm\u00fckemmel giri\u015fi tasarlaman\u0131za yard\u0131mc\u0131 olal\u0131m.<o:p><\/o:p><\/span><\/p><p class=\"MsoNormal\"><span style=\"color:black;mso-themecolor:text1\"><o:p>&nbsp;<\/o:p><\/span><\/p><p>\n\n\n\n\n\n<\/p><p class=\"MsoNormal\"><span style=\"color:black;mso-themecolor:text1\">Yarat\u0131c\u0131l\u0131\u011f\u0131n\u0131z\u0131n\nkilidini a\u00e7\u0131n ve hayallerinizin kap\u0131s\u0131n\u0131 tasarlay\u0131n. Uzman ekibimizle hayata\nge\u00e7irelim.<br><br><\/span><\/p><h1 class=\"sc_item_title sc_title_title sc_item_title_style_default sc_item_title_tag\" style=\"font-family: &quot;DM Sans&quot;, sans-serif; font-size: 3.353em; line-height: 1em; font-weight: 700; outline: 0px; color: var(--theme-color-text_dark); text-decoration-style: initial; text-transform: none; letter-spacing: -1.8px;\"><span class=\"sc_item_title_text\" style=\"font-family: inherit; font-size: 36px; line-height: 0.1em; font-weight: inherit; font-style: inherit; outline: 0px;\">\u0130lham veren kap\u0131lar\u0131m\u0131zla Zerafet d\u00fcnyas\u0131na ad\u0131m at\u0131n.<\/span><\/h1><p class=\"MsoNormal\"><span style=\"color:black;mso-themecolor:text1\"><br><\/span><\/p><div class=\"elementor-element elementor-element-00772e4 sc_fly_static elementor-widget elementor-widget-text-editor trx_addons_parallax_layers_inited trx_addons_parallax_blocks_inited\" data-id=\"00772e4\" data-element_type=\"widget\" data-widget_type=\"text-editor.default\" style=\"font-family: &quot;DM Sans&quot;, sans-serif; font-size: 17px; line-height: inherit; outline: 0px; flex-basis: var(--flex-basis); flex-grow: var(--flex-grow); flex-shrink: var(--flex-shrink); order: var(--order); align-self: var(--align-self); flex-direction: var(--flex-direction); flex-wrap: var(--flex-wrap); justify-content: var(--justify-content); align-items: var(--align-items); align-content: var(--align-content); gap: var(--gap); --swiper-theme-color: #000; --swiper-navigation-size: 44px; --swiper-pagination-bullet-size: 6px; --swiper-pagination-bullet-horizontal-gap: 6px; --widgets-spacing: 0px 0px; width: 544.2px; margin-block-end: 0px; margin-bottom: 0px; color: rgb(129, 120, 112); letter-spacing: normal; text-decoration-style: initial;\"><div class=\"elementor-widget-container\" style=\"font-family: inherit; font-size: 17px; line-height: inherit; font-weight: inherit; font-style: inherit; outline: 0px; transition: background .3s,border .3s,border-radius .3s,box-shadow .3s,transform var(--e-transform-transition-duration,.4s);\"><p style=\"font-family: inherit; font-size: 17px; line-height: inherit; font-weight: inherit; font-style: inherit; outline: 0px;\">Premium kaliteleriyle, estetik a\u00e7\u0131dan ho\u015f kap\u0131lar\u0131m\u0131zla alan\u0131n\u0131z\u0131 stil sahibi hale getirin.<br><br><br><\/p><\/div><\/div><div class=\"elementor-element elementor-element-533fc933 sc_fly_static elementor-widget elementor-widget-spacer trx_addons_parallax_layers_inited trx_addons_parallax_blocks_inited\" data-id=\"533fc933\" data-element_type=\"widget\" data-widget_type=\"spacer.default\" style=\"font-family: &quot;DM Sans&quot;, sans-serif; font-size: 17px; line-height: inherit; outline: 0px; flex-basis: var(--flex-basis); flex-grow: var(--flex-grow); flex-shrink: var(--flex-shrink); order: var(--order); align-self: var(--align-self); flex-direction: var(--flex-direction); flex-wrap: var(--flex-wrap); justify-content: var(--justify-content); align-items: var(--align-items); align-content: var(--align-content); gap: var(--gap); --swiper-theme-color: #000; --swiper-navigation-size: 44px; --swiper-pagination-bullet-size: 6px; --swiper-pagination-bullet-horizontal-gap: 6px; --widgets-spacing: 0px 0px; width: 544.2px; margin-block-end: 0px; margin-bottom: 0px; --spacer-size: 30px; color: rgb(129, 120, 112); letter-spacing: normal; text-decoration-style: initial;\"><div class=\"elementor-widget-container\" style=\"font-family: inherit; font-size: 17px; line-height: inherit; font-weight: inherit; font-style: inherit; outline: 0px; transition: background .3s,border .3s,border-radius .3s,box-shadow .3s,transform var(--e-transform-transition-duration,.4s);\"><div class=\"elementor-spacer\" style=\"font-family: inherit; font-size: 17px; line-height: inherit; font-weight: inherit; font-style: inherit; outline: 0px;\"><div class=\"elementor-spacer-inner\" style=\"font-family: inherit; font-size: 17px; line-height: inherit; font-weight: inherit; font-style: inherit; outline: 0px; height: var(--spacer-size);\"><\/div><\/div><\/div><\/div><div class=\"elementor-element elementor-element-69540afb sc_fly_static elementor-widget elementor-widget-text-editor trx_addons_parallax_layers_inited trx_addons_parallax_blocks_inited\" data-id=\"69540afb\" data-element_type=\"widget\" data-widget_type=\"text-editor.default\" style=\"font-family: &quot;DM Sans&quot;, sans-serif; line-height: inherit; outline: 0px; flex-basis: var(--flex-basis); flex-grow: var(--flex-grow); flex-shrink: var(--flex-shrink); order: var(--order); align-self: var(--align-self); flex-direction: var(--flex-direction); flex-wrap: var(--flex-wrap); justify-content: var(--justify-content); align-items: var(--align-items); align-content: var(--align-content); gap: var(--gap); --swiper-theme-color: #000; --swiper-navigation-size: 44px; --swiper-pagination-bullet-size: 6px; --swiper-pagination-bullet-horizontal-gap: 6px; --widgets-spacing: 0px 0px; width: 544.2px; margin-block-end: 0px; margin-bottom: 0px; color: rgb(129, 120, 112); text-transform: uppercase; letter-spacing: 1px; text-decoration-style: initial;\"><div class=\"elementor-widget-container\" style=\"font-family: inherit; line-height: inherit; font-weight: inherit; font-style: inherit; outline: 0px; transition: background .3s,border .3s,border-radius .3s,box-shadow .3s,transform var(--e-transform-transition-duration,.4s);\"><p style=\"font-family: inherit; line-height: inherit; font-weight: inherit; font-style: inherit; outline: 0px;\"><br><\/p><\/div><\/div><p class=\"MsoNormal\"><span style=\"color:black;mso-themecolor:text1\"><o:p><\/o:p><\/span><\/p>\n\n\n\n\n","protected":false},"excerpt":{"rendered":"","protected":false},"author":1,"featured_media":0,"parent":0,"menu_order":0,"comment_status":"closed","ping_status":"closed","template":"","meta":{"pagelayer_contact_templates":[],"_pagelayer_content":"","footnotes":""},"_links":{"self":[{"href":"https:\/\/ihgtasarim.com\/index.php\/wp-json\/wp\/v2\/pages\/532"}],"collection":[{"href":"https:\/\/ihgtasarim.com\/index.php\/wp-json\/wp\/v2\/pages"}],"about":[{"href":"https:\/\/ihgtasarim.com\/index.php\/wp-json\/wp\/v2\/types\/page"}],"author":[{"embeddable":true,"href":"https:\/\/ihgtasarim.com\/index.php\/wp-json\/wp\/v2\/users\/1"}],"replies":[{"embeddable":true,"href":"https:\/\/ihgtasarim.com\/index.php\/wp-json\/wp\/v2\/comments?post=532"}],"version-history":[{"count":82,"href":"https:\/\/ihgtasarim.com\/index.php\/wp-json\/wp\/v2\/pages\/532\/revisions"}],"predecessor-version":[{"id":759,"href":"https:\/\/ihgtasarim.com\/index.php\/wp-json\/wp\/v2\/pages\/532\/revisions\/759"}],"wp:attachment":[{"href":"https:\/\/ihgtasarim.com\/index.php\/wp-json\/wp\/v2\/media?parent=532"}],"curies":[{"name":"wp","href":"https:\/\/api.w.org\/{rel}","templated":true}]}}